{"id":522,"date":"2024-04-20T08:39:17","date_gmt":"2024-04-20T08:39:17","guid":{"rendered":"https:\/\/norakingbooks.com\/hr\/?post_type=product&#038;p=522"},"modified":"2025-12-10T16:54:03","modified_gmt":"2025-12-10T16:54:03","slug":"podstanarka-tiskano-izdanje","status":"publish","type":"product","link":"https:\/\/norakingbooks.com\/hr\/proizvod\/podstanarka-tiskano-izdanje\/","title":{"rendered":"Podstanarka &#8211; tiskano izdanje"},"content":{"rendered":"<p>Nessa je draga djevojka iz susjedstva. Lola je \u0161okantna starleta iz visokog dru\u0161tva. Zajedni\u010dko im je samo to, \u0161to obje pi\u0161u knjige. Naravno, potpuno razli\u010dite knjige i po temama i po broju prodanih primjeraka.<\/p>\n<p>Nessa mora ubiti Lolu. Iako, mo\u017eda \u0107e je ostaviti na \u017eivotu, jer dok je Lola \u017eiva i Nessi se doga\u0111aju zanimljive stvari\u2026<\/p>\n<p>Preljubi i seksualne avanture, razuzdane klupske zabave, kilogrami kokaina i litre \u0161ampanjca, skriveni identiteti, novinari i politi\u010dari, isprepleteni su u ovom napetom i duhovitom djelu.<\/p>\n<p>&#8220;Podstanarka&#8221; je neobi\u010dno uspje\u0161an spoj ljubavnog romana, satiri\u010dne kritike dana\u0161njeg dru\u0161tva, kriminalisti\u010dke pri\u010de i psiholo\u0161kog trilera. Ovakav roman niste nikada \u010ditali. Ma ni sli\u010dan.<\/p>\n<p>Moj Oblak Knjiga<\/p>\n<p>&nbsp;<\/p>\n<p><strong>Detalji o proizvodu:<\/strong><\/p>\n<p>Naslov:\u00a0\u00a0 Podstanarka<\/p>\n<p>Autor:\u00a0\u00a0 Nora King<\/p>\n<p>Izdava\u010d: \u200e\u00a0 <a href=\"https:\/\/moj-oblak-knjiga.com\/\">Moj Oblak Knjiga<\/a><\/p>\n<p>Godina izdanja:\u00a0\u00a0 2024.<\/p>\n<p>Jezik: \u00a0 \u200e Hrvatski<\/p>\n<p>Format:\u00a0\u00a0 Tiskano izdanje<\/p>\n<p>Broj stranica:\u00a0\u00a0 273<\/p>\n<p>ISBN 978-953-46009-0-0<\/p>\n<p>CIP 001224963<\/p>\n<p>&nbsp;<\/p>\n","protected":false},"excerpt":{"rendered":"<p>Nessa je draga djevojka iz susjedstva. Lola je \u0161okantna starleta iz visokog dru\u0161tva. Zajedni\u010dko im je samo to, \u0161to obje pi\u0161u knjige. Naravno, potpuno razli\u010dite knjige i po temama i po broju prodanih primjeraka. Nessa mora ubiti Lolu. Iako, mo\u017eda \u0107e je ostaviti na \u017eivotu, jer dok je Lola \u017eiva i Nessi se doga\u0111aju zanimljive &hellip; <\/p>\n<p class=\"link-more\"><a href=\"https:\/\/norakingbooks.com\/hr\/proizvod\/podstanarka-tiskano-izdanje\/\" class=\"more-link\">Nastavi \u010ditati<span class=\"screen-reader-text\"> &#8220;Podstanarka &#8211; tiskano izdanje&#8221;<\/span><\/a><\/p>\n","protected":false},"featured_media":347,"template":"","meta":[],"product_cat":[67],"product_tag":[],"yoast_head":"<!-- This site is optimized with the Yoast SEO plugin v19.10 - https:\/\/yoast.com\/wordpress\/plugins\/seo\/ -->\n<title>Podstanarka - tiskano izdanje - Nora King<\/title>\n<meta name=\"robots\" content=\"index, follow, max-snippet:-1, max-image-preview:large, max-video-preview:-1\" \/>\n<link rel=\"canonical\" href=\"https:\/\/norakingbooks.com\/hr\/proizvod\/podstanarka-tiskano-izdanje\/\" \/>\n<meta property=\"og:locale\" content=\"hr_HR\" \/>\n<meta property=\"og:type\" content=\"article\" \/>\n<meta property=\"og:title\" content=\"Podstanarka - tiskano izdanje - Nora King\" \/>\n<meta property=\"og:description\" content=\"Nessa je draga djevojka iz susjedstva. Lola je \u0161okantna starleta iz visokog dru\u0161tva. Zajedni\u010dko im je samo to, \u0161to obje pi\u0161u knjige. Naravno, potpuno razli\u010dite knjige i po temama i po broju prodanih primjeraka. Nessa mora ubiti Lolu. Iako, mo\u017eda \u0107e je ostaviti na \u017eivotu, jer dok je Lola \u017eiva i Nessi se doga\u0111aju zanimljive &hellip; Nastavi \u010ditati &quot;Podstanarka &#8211; tiskano izdanje&quot;\" \/>\n<meta property=\"og:url\" content=\"https:\/\/norakingbooks.com\/hr\/proizvod\/podstanarka-tiskano-izdanje\/\" \/>\n<meta property=\"og:site_name\" content=\"Nora King\" \/>\n<meta property=\"article:modified_time\" content=\"2025-12-10T16:54:03+00:00\" \/>\n<meta property=\"og:image\" content=\"http:\/\/norakingbooks.com\/hr\/wp-content\/uploads\/sites\/2\/2021\/06\/Podstanarka-1.jpg\" \/>\n\t<meta property=\"og:image:width\" content=\"601\" \/>\n\t<meta property=\"og:image:height\" content=\"905\" \/>\n\t<meta property=\"og:image:type\" content=\"image\/jpeg\" \/>\n<meta name=\"twitter:card\" content=\"summary_large_image\" \/>\n<meta name=\"twitter:label1\" content=\"Procijenjeno vrijeme \u010ditanja\" \/>\n\t<meta name=\"twitter:data1\" content=\"1 minuta\" \/>\n<script type=\"application\/ld+json\" class=\"yoast-schema-graph\">{\"@context\":\"https:\/\/schema.org\",\"@graph\":[{\"@type\":\"WebPage\",\"@id\":\"https:\/\/norakingbooks.com\/hr\/proizvod\/podstanarka-tiskano-izdanje\/\",\"url\":\"https:\/\/norakingbooks.com\/hr\/proizvod\/podstanarka-tiskano-izdanje\/\",\"name\":\"Podstanarka - tiskano izdanje - Nora King\",\"isPartOf\":{\"@id\":\"https:\/\/norakingbooks.com\/hr\/#website\"},\"datePublished\":\"2024-04-20T08:39:17+00:00\",\"dateModified\":\"2025-12-10T16:54:03+00:00\",\"breadcrumb\":{\"@id\":\"https:\/\/norakingbooks.com\/hr\/proizvod\/podstanarka-tiskano-izdanje\/#breadcrumb\"},\"inLanguage\":\"hr\",\"potentialAction\":[{\"@type\":\"ReadAction\",\"target\":[\"https:\/\/norakingbooks.com\/hr\/proizvod\/podstanarka-tiskano-izdanje\/\"]}]},{\"@type\":\"BreadcrumbList\",\"@id\":\"https:\/\/norakingbooks.com\/hr\/proizvod\/podstanarka-tiskano-izdanje\/#breadcrumb\",\"itemListElement\":[{\"@type\":\"ListItem\",\"position\":1,\"name\":\"Home\",\"item\":\"https:\/\/norakingbooks.com\/hr\/\"},{\"@type\":\"ListItem\",\"position\":2,\"name\":\"Knjige\",\"item\":\"https:\/\/norakingbooks.com\/hr\/knjige\/\"},{\"@type\":\"ListItem\",\"position\":3,\"name\":\"Podstanarka &#8211; tiskano izdanje\"}]},{\"@type\":\"WebSite\",\"@id\":\"https:\/\/norakingbooks.com\/hr\/#website\",\"url\":\"https:\/\/norakingbooks.com\/hr\/\",\"name\":\"Nora King\",\"description\":\"Knjige\",\"potentialAction\":[{\"@type\":\"SearchAction\",\"target\":{\"@type\":\"EntryPoint\",\"urlTemplate\":\"https:\/\/norakingbooks.com\/hr\/?s={search_term_string}\"},\"query-input\":\"required name=search_term_string\"}],\"inLanguage\":\"hr\"}]}<\/script>\n<!-- \/ Yoast SEO plugin. -->","yoast_head_json":{"title":"Podstanarka - tiskano izdanje - Nora King","robots":{"index":"index","follow":"follow","max-snippet":"max-snippet:-1","max-image-preview":"max-image-preview:large","max-video-preview":"max-video-preview:-1"},"canonical":"https:\/\/norakingbooks.com\/hr\/proizvod\/podstanarka-tiskano-izdanje\/","og_locale":"hr_HR","og_type":"article","og_title":"Podstanarka - tiskano izdanje - Nora King","og_description":"Nessa je draga djevojka iz susjedstva. Lola je \u0161okantna starleta iz visokog dru\u0161tva. Zajedni\u010dko im je samo to, \u0161to obje pi\u0161u knjige. Naravno, potpuno razli\u010dite knjige i po temama i po broju prodanih primjeraka. Nessa mora ubiti Lolu. Iako, mo\u017eda \u0107e je ostaviti na \u017eivotu, jer dok je Lola \u017eiva i Nessi se doga\u0111aju zanimljive &hellip; Nastavi \u010ditati \"Podstanarka &#8211; tiskano izdanje\"","og_url":"https:\/\/norakingbooks.com\/hr\/proizvod\/podstanarka-tiskano-izdanje\/","og_site_name":"Nora King","article_modified_time":"2025-12-10T16:54:03+00:00","og_image":[{"width":601,"height":905,"url":"http:\/\/norakingbooks.com\/hr\/wp-content\/uploads\/sites\/2\/2021\/06\/Podstanarka-1.jpg","type":"image\/jpeg"}],"twitter_card":"summary_large_image","twitter_misc":{"Procijenjeno vrijeme \u010ditanja":"1 minuta"},"schema":{"@context":"https:\/\/schema.org","@graph":[{"@type":"WebPage","@id":"https:\/\/norakingbooks.com\/hr\/proizvod\/podstanarka-tiskano-izdanje\/","url":"https:\/\/norakingbooks.com\/hr\/proizvod\/podstanarka-tiskano-izdanje\/","name":"Podstanarka - tiskano izdanje - Nora King","isPartOf":{"@id":"https:\/\/norakingbooks.com\/hr\/#website"},"datePublished":"2024-04-20T08:39:17+00:00","dateModified":"2025-12-10T16:54:03+00:00","breadcrumb":{"@id":"https:\/\/norakingbooks.com\/hr\/proizvod\/podstanarka-tiskano-izdanje\/#breadcrumb"},"inLanguage":"hr","potentialAction":[{"@type":"ReadAction","target":["https:\/\/norakingbooks.com\/hr\/proizvod\/podstanarka-tiskano-izdanje\/"]}]},{"@type":"BreadcrumbList","@id":"https:\/\/norakingbooks.com\/hr\/proizvod\/podstanarka-tiskano-izdanje\/#breadcrumb","itemListElement":[{"@type":"ListItem","position":1,"name":"Home","item":"https:\/\/norakingbooks.com\/hr\/"},{"@type":"ListItem","position":2,"name":"Knjige","item":"https:\/\/norakingbooks.com\/hr\/knjige\/"},{"@type":"ListItem","position":3,"name":"Podstanarka &#8211; tiskano izdanje"}]},{"@type":"WebSite","@id":"https:\/\/norakingbooks.com\/hr\/#website","url":"https:\/\/norakingbooks.com\/hr\/","name":"Nora King","description":"Knjige","potentialAction":[{"@type":"SearchAction","target":{"@type":"EntryPoint","urlTemplate":"https:\/\/norakingbooks.com\/hr\/?s={search_term_string}"},"query-input":"required name=search_term_string"}],"inLanguage":"hr"}]}},"_links":{"self":[{"href":"https:\/\/norakingbooks.com\/hr\/wp-json\/wp\/v2\/product\/522"}],"collection":[{"href":"https:\/\/norakingbooks.com\/hr\/wp-json\/wp\/v2\/product"}],"about":[{"href":"https:\/\/norakingbooks.com\/hr\/wp-json\/wp\/v2\/types\/product"}],"wp:featuredmedia":[{"embeddable":true,"href":"https:\/\/norakingbooks.com\/hr\/wp-json\/wp\/v2\/media\/347"}],"wp:attachment":[{"href":"https:\/\/norakingbooks.com\/hr\/wp-json\/wp\/v2\/media?parent=522"}],"wp:term":[{"taxonomy":"product_cat","embeddable":true,"href":"https:\/\/norakingbooks.com\/hr\/wp-json\/wp\/v2\/product_cat?post=522"},{"taxonomy":"product_tag","embeddable":true,"href":"https:\/\/norakingbooks.com\/hr\/wp-json\/wp\/v2\/product_tag?post=522"}],"curies":[{"name":"wp","href":"https:\/\/api.w.org\/{rel}","templated":true}]}}