{"id":518,"date":"2024-03-13T19:19:08","date_gmt":"2024-03-13T19:19:08","guid":{"rendered":"https:\/\/norakingbooks.com\/hr\/?post_type=product&#038;p=518"},"modified":"2024-05-22T10:48:26","modified_gmt":"2024-05-22T10:48:26","slug":"kako-je-zavrsio-zivot-na-mome-otoku","status":"publish","type":"product","link":"https:\/\/norakingbooks.com\/hr\/proizvod\/kako-je-zavrsio-zivot-na-mome-otoku\/","title":{"rendered":"Kako je zavr\u0161io \u017eivot na mome otoku"},"content":{"rendered":"<p>Nikolina je svje\u017ee udana \u017eena koja radi na prelijepom dalmatinskom otoku San Marcu. Tijekom godine radi kao u\u010diteljica u lokalnoj osnovnoj \u0161koli, a ljeti vozi taksi zajedno s mu\u017eem i njegovom obitelji kako bi zaradili za \u017eivot i pro\u0161irenje obitelji. Njezinu te\u0161ku svakodnevicu promjeni ameri\u010dki turist koji joj se u\u0161ulja u \u017eivot i probudi je iz njezinoga sna. Kada otvori o\u010di shvati da je ono \u0161to smatra obiteljskim \u017eivotom ne\u0161to puno surovije i opasnije negoli je ikada mogla zamisliti. Na\u0111e se okru\u017eena no\u0107nom morom, koja nema doticaja s bra\u010dnim \u017eivotom.<\/p>\n<p>Poput dviju nasilu pripitomljenih \u017eivotinja zajedno planiraju bijeg s otoka koji polako ali sigurno po\u010dinje sve vi\u0161e ugro\u017eavati njhove \u017eivote.<\/p>\n<p>Jesu li na\u0161i \u017eivoti uistinu onakvi kakvima se \u010dine?<\/p>\n<p>Kako \u0107e izgledati na\u0161e bu\u0111enje?<\/p>\n<p>Susret s distopijskom stvarno\u0161\u0107u otoka San Marco, navest \u0107e Vas da se zapitate koliko ste uistinu slobodni.<\/p>\n<p>&nbsp;<\/p>\n<p>Moj Oblak Knjiga<\/p>\n<p>&nbsp;<\/p>\n<p><strong>Detalji o proizvodu:<\/strong><\/p>\n<p>Naslov:\u00a0\u00a0 Kako je zavr\u0161io \u017eivot na mome otoku<\/p>\n<p>Autor:\u00a0\u00a0 Nora King<\/p>\n<p>Izdava\u010d: \u200e\u00a0 <a href=\"https:\/\/moj-oblak-knjiga.com\/\">Moj Oblak Knjiga<\/a><\/p>\n<p>Godina izdanja:\u00a0\u00a0 2023.<\/p>\n<p>Jezik: \u00a0 \u200e Hrvatski<\/p>\n<p>Format:\u00a0\u00a0 PDF e-knjiga<\/p>\n<p>Broj stranica:\u00a0\u00a0 189<\/p>\n<p>ISBN 978-953-8406-06-5<\/p>\n<p>&nbsp;<\/p>\n","protected":false},"excerpt":{"rendered":"<p>Nikolina je svje\u017ee udana \u017eena koja radi na prelijepom dalmatinskom otoku San Marcu. Tijekom godine radi kao u\u010diteljica u lokalnoj osnovnoj \u0161koli, a ljeti vozi taksi zajedno s mu\u017eem i njegovom obitelji kako bi zaradili za \u017eivot i pro\u0161irenje obitelji. Njezinu te\u0161ku svakodnevicu promjeni ameri\u010dki turist koji joj se u\u0161ulja u \u017eivot i probudi je &hellip; <\/p>\n<p class=\"link-more\"><a href=\"https:\/\/norakingbooks.com\/hr\/proizvod\/kako-je-zavrsio-zivot-na-mome-otoku\/\" class=\"more-link\">Nastavi \u010ditati<span class=\"screen-reader-text\"> &#8220;Kako je zavr\u0161io \u017eivot na mome otoku&#8221;<\/span><\/a><\/p>\n","protected":false},"featured_media":516,"template":"","meta":[],"product_cat":[67],"product_tag":[],"yoast_head":"<!-- This site is optimized with the Yoast SEO plugin v19.10 - https:\/\/yoast.com\/wordpress\/plugins\/seo\/ -->\n<title>Kako je zavr\u0161io \u017eivot na mome otoku - Nora King<\/title>\n<meta name=\"robots\" content=\"index, follow, max-snippet:-1, max-image-preview:large, max-video-preview:-1\" \/>\n<link rel=\"canonical\" href=\"https:\/\/norakingbooks.com\/hr\/proizvod\/kako-je-zavrsio-zivot-na-mome-otoku\/\" \/>\n<meta property=\"og:locale\" content=\"hr_HR\" \/>\n<meta property=\"og:type\" content=\"article\" \/>\n<meta property=\"og:title\" content=\"Kako je zavr\u0161io \u017eivot na mome otoku - Nora King\" \/>\n<meta property=\"og:description\" content=\"Nikolina je svje\u017ee udana \u017eena koja radi na prelijepom dalmatinskom otoku San Marcu. Tijekom godine radi kao u\u010diteljica u lokalnoj osnovnoj \u0161koli, a ljeti vozi taksi zajedno s mu\u017eem i njegovom obitelji kako bi zaradili za \u017eivot i pro\u0161irenje obitelji. Njezinu te\u0161ku svakodnevicu promjeni ameri\u010dki turist koji joj se u\u0161ulja u \u017eivot i probudi je &hellip; Nastavi \u010ditati &quot;Kako je zavr\u0161io \u017eivot na mome otoku&quot;\" \/>\n<meta property=\"og:url\" content=\"https:\/\/norakingbooks.com\/hr\/proizvod\/kako-je-zavrsio-zivot-na-mome-otoku\/\" \/>\n<meta property=\"og:site_name\" content=\"Nora King\" \/>\n<meta property=\"article:modified_time\" content=\"2024-05-22T10:48:26+00:00\" \/>\n<meta property=\"og:image\" content=\"http:\/\/norakingbooks.com\/hr\/wp-content\/uploads\/sites\/2\/2024\/02\/Kako-je-zavrsio-zivot-na-mome-otoku.jpg\" \/>\n\t<meta property=\"og:image:width\" content=\"775\" \/>\n\t<meta property=\"og:image:height\" content=\"960\" \/>\n\t<meta property=\"og:image:type\" content=\"image\/jpeg\" \/>\n<meta name=\"twitter:card\" content=\"summary_large_image\" \/>\n<meta name=\"twitter:label1\" content=\"Procijenjeno vrijeme \u010ditanja\" \/>\n\t<meta name=\"twitter:data1\" content=\"1 minuta\" \/>\n<script type=\"application\/ld+json\" class=\"yoast-schema-graph\">{\"@context\":\"https:\/\/schema.org\",\"@graph\":[{\"@type\":\"WebPage\",\"@id\":\"https:\/\/norakingbooks.com\/hr\/proizvod\/kako-je-zavrsio-zivot-na-mome-otoku\/\",\"url\":\"https:\/\/norakingbooks.com\/hr\/proizvod\/kako-je-zavrsio-zivot-na-mome-otoku\/\",\"name\":\"Kako je zavr\u0161io \u017eivot na mome otoku - Nora King\",\"isPartOf\":{\"@id\":\"https:\/\/norakingbooks.com\/hr\/#website\"},\"datePublished\":\"2024-03-13T19:19:08+00:00\",\"dateModified\":\"2024-05-22T10:48:26+00:00\",\"breadcrumb\":{\"@id\":\"https:\/\/norakingbooks.com\/hr\/proizvod\/kako-je-zavrsio-zivot-na-mome-otoku\/#breadcrumb\"},\"inLanguage\":\"hr\",\"potentialAction\":[{\"@type\":\"ReadAction\",\"target\":[\"https:\/\/norakingbooks.com\/hr\/proizvod\/kako-je-zavrsio-zivot-na-mome-otoku\/\"]}]},{\"@type\":\"BreadcrumbList\",\"@id\":\"https:\/\/norakingbooks.com\/hr\/proizvod\/kako-je-zavrsio-zivot-na-mome-otoku\/#breadcrumb\",\"itemListElement\":[{\"@type\":\"ListItem\",\"position\":1,\"name\":\"Home\",\"item\":\"https:\/\/norakingbooks.com\/hr\/\"},{\"@type\":\"ListItem\",\"position\":2,\"name\":\"Knjige\",\"item\":\"https:\/\/norakingbooks.com\/hr\/knjige\/\"},{\"@type\":\"ListItem\",\"position\":3,\"name\":\"Kako je zavr\u0161io \u017eivot na mome otoku\"}]},{\"@type\":\"WebSite\",\"@id\":\"https:\/\/norakingbooks.com\/hr\/#website\",\"url\":\"https:\/\/norakingbooks.com\/hr\/\",\"name\":\"Nora King\",\"description\":\"Knjige\",\"potentialAction\":[{\"@type\":\"SearchAction\",\"target\":{\"@type\":\"EntryPoint\",\"urlTemplate\":\"https:\/\/norakingbooks.com\/hr\/?s={search_term_string}\"},\"query-input\":\"required name=search_term_string\"}],\"inLanguage\":\"hr\"}]}<\/script>\n<!-- \/ Yoast SEO plugin. -->","yoast_head_json":{"title":"Kako je zavr\u0161io \u017eivot na mome otoku - Nora King","robots":{"index":"index","follow":"follow","max-snippet":"max-snippet:-1","max-image-preview":"max-image-preview:large","max-video-preview":"max-video-preview:-1"},"canonical":"https:\/\/norakingbooks.com\/hr\/proizvod\/kako-je-zavrsio-zivot-na-mome-otoku\/","og_locale":"hr_HR","og_type":"article","og_title":"Kako je zavr\u0161io \u017eivot na mome otoku - Nora King","og_description":"Nikolina je svje\u017ee udana \u017eena koja radi na prelijepom dalmatinskom otoku San Marcu. Tijekom godine radi kao u\u010diteljica u lokalnoj osnovnoj \u0161koli, a ljeti vozi taksi zajedno s mu\u017eem i njegovom obitelji kako bi zaradili za \u017eivot i pro\u0161irenje obitelji. Njezinu te\u0161ku svakodnevicu promjeni ameri\u010dki turist koji joj se u\u0161ulja u \u017eivot i probudi je &hellip; Nastavi \u010ditati \"Kako je zavr\u0161io \u017eivot na mome otoku\"","og_url":"https:\/\/norakingbooks.com\/hr\/proizvod\/kako-je-zavrsio-zivot-na-mome-otoku\/","og_site_name":"Nora King","article_modified_time":"2024-05-22T10:48:26+00:00","og_image":[{"width":775,"height":960,"url":"http:\/\/norakingbooks.com\/hr\/wp-content\/uploads\/sites\/2\/2024\/02\/Kako-je-zavrsio-zivot-na-mome-otoku.jpg","type":"image\/jpeg"}],"twitter_card":"summary_large_image","twitter_misc":{"Procijenjeno vrijeme \u010ditanja":"1 minuta"},"schema":{"@context":"https:\/\/schema.org","@graph":[{"@type":"WebPage","@id":"https:\/\/norakingbooks.com\/hr\/proizvod\/kako-je-zavrsio-zivot-na-mome-otoku\/","url":"https:\/\/norakingbooks.com\/hr\/proizvod\/kako-je-zavrsio-zivot-na-mome-otoku\/","name":"Kako je zavr\u0161io \u017eivot na mome otoku - Nora King","isPartOf":{"@id":"https:\/\/norakingbooks.com\/hr\/#website"},"datePublished":"2024-03-13T19:19:08+00:00","dateModified":"2024-05-22T10:48:26+00:00","breadcrumb":{"@id":"https:\/\/norakingbooks.com\/hr\/proizvod\/kako-je-zavrsio-zivot-na-mome-otoku\/#breadcrumb"},"inLanguage":"hr","potentialAction":[{"@type":"ReadAction","target":["https:\/\/norakingbooks.com\/hr\/proizvod\/kako-je-zavrsio-zivot-na-mome-otoku\/"]}]},{"@type":"BreadcrumbList","@id":"https:\/\/norakingbooks.com\/hr\/proizvod\/kako-je-zavrsio-zivot-na-mome-otoku\/#breadcrumb","itemListElement":[{"@type":"ListItem","position":1,"name":"Home","item":"https:\/\/norakingbooks.com\/hr\/"},{"@type":"ListItem","position":2,"name":"Knjige","item":"https:\/\/norakingbooks.com\/hr\/knjige\/"},{"@type":"ListItem","position":3,"name":"Kako je zavr\u0161io \u017eivot na mome otoku"}]},{"@type":"WebSite","@id":"https:\/\/norakingbooks.com\/hr\/#website","url":"https:\/\/norakingbooks.com\/hr\/","name":"Nora King","description":"Knjige","potentialAction":[{"@type":"SearchAction","target":{"@type":"EntryPoint","urlTemplate":"https:\/\/norakingbooks.com\/hr\/?s={search_term_string}"},"query-input":"required name=search_term_string"}],"inLanguage":"hr"}]}},"_links":{"self":[{"href":"https:\/\/norakingbooks.com\/hr\/wp-json\/wp\/v2\/product\/518"}],"collection":[{"href":"https:\/\/norakingbooks.com\/hr\/wp-json\/wp\/v2\/product"}],"about":[{"href":"https:\/\/norakingbooks.com\/hr\/wp-json\/wp\/v2\/types\/product"}],"wp:featuredmedia":[{"embeddable":true,"href":"https:\/\/norakingbooks.com\/hr\/wp-json\/wp\/v2\/media\/516"}],"wp:attachment":[{"href":"https:\/\/norakingbooks.com\/hr\/wp-json\/wp\/v2\/media?parent=518"}],"wp:term":[{"taxonomy":"product_cat","embeddable":true,"href":"https:\/\/norakingbooks.com\/hr\/wp-json\/wp\/v2\/product_cat?post=518"},{"taxonomy":"product_tag","embeddable":true,"href":"https:\/\/norakingbooks.com\/hr\/wp-json\/wp\/v2\/product_tag?post=518"}],"curies":[{"name":"wp","href":"https:\/\/api.w.org\/{rel}","templated":true}]}}