{"id":283,"date":"2021-06-14T09:05:06","date_gmt":"2021-06-14T09:05:06","guid":{"rendered":"https:\/\/norakingbooks.com\/hr\/?post_type=product&#038;p=283"},"modified":"2024-05-22T10:51:55","modified_gmt":"2024-05-22T10:51:55","slug":"sve-na-svijetu","status":"publish","type":"product","link":"https:\/\/norakingbooks.com\/hr\/proizvod\/sve-na-svijetu\/","title":{"rendered":"Sve na svijetu"},"content":{"rendered":"<p>Ako ste mislili kako bi bilo dobro dobiti na lotu, razmislite jo\u0161 jednom.<\/p>\n<p>Nora je obi\u010dna djevojka koja \u017eivi pomalo dosadnim \u017eivotom. Monotone dane na relaciji od \u010dinovni\u010dkog posla do podstanarskog stana, za\u010dini tek pokojim izlaskom s prijateljicama. Milijuni dobiveni na lotu, otvoriti \u0107e Nori vrata u nov i naizgled bolji \u017eivot.<\/p>\n<p>Novi \u017eivot donosi Nori nove probleme, sumnje i strahove. Ali i nove, uzbudljive ljubavi. Tragi\u010dan splet doga\u0111aja, navest \u0107e je da preispita sva svoja uvjerenja, \u017eelje i nade.<\/p>\n<p>&#8220;Sve na svijetu&#8221; napeta je ljubavna pri\u010da koja \u0107e vas dr\u017eati u neizvjesnosti sve do posljednje stranice romana. Spisateljica vje\u0161to plete pri\u010du o strastvenoj ljubavi dvoje bogatih, ali u kona\u010dnici nesretnih ljudi, u \u010diji se zajedni\u010dki \u017eivot upli\u0107e kriminal, zavist, nerazumijevanje i neizvjesnost.<\/p>\n<p>Moj Oblak Knjiga<\/p>\n<p>&nbsp;<\/p>\n<p><strong>Detalji o proizvodu:<\/strong><\/p>\n<p>Naslov:\u00a0\u00a0 Sve na svijetu<\/p>\n<p>Autor:\u00a0\u00a0 Nora King<\/p>\n<p>Izdava\u010d: \u200e\u00a0 <a href=\"https:\/\/moj-oblak-knjiga.com\">Moj Oblak Knjiga<\/a><\/p>\n<p>Godina izdanja:\u00a0\u00a0 2021.<\/p>\n<p>Jezik: \u00a0 \u200e Hrvatski<\/p>\n<p>Format:\u00a0\u00a0 PDF e-knjiga<\/p>\n<p>Broj stranica:\u00a0\u00a0 334<\/p>\n<p>ISBN 978-953-8406-01-0<\/p>\n<p>&nbsp;<\/p>\n","protected":false},"excerpt":{"rendered":"<p>Ako ste mislili kako bi bilo dobro dobiti na lotu, razmislite jo\u0161 jednom. Nora je obi\u010dna djevojka koja \u017eivi pomalo dosadnim \u017eivotom. Monotone dane na relaciji od \u010dinovni\u010dkog posla do podstanarskog stana, za\u010dini tek pokojim izlaskom s prijateljicama. Milijuni dobiveni na lotu, otvoriti \u0107e Nori vrata u nov i naizgled bolji \u017eivot. Novi \u017eivot donosi &hellip; <\/p>\n<p class=\"link-more\"><a href=\"https:\/\/norakingbooks.com\/hr\/proizvod\/sve-na-svijetu\/\" class=\"more-link\">Nastavi \u010ditati<span class=\"screen-reader-text\"> &#8220;Sve na svijetu&#8221;<\/span><\/a><\/p>\n","protected":false},"featured_media":346,"template":"","meta":[],"product_cat":[67],"product_tag":[],"yoast_head":"<!-- This site is optimized with the Yoast SEO plugin v19.10 - https:\/\/yoast.com\/wordpress\/plugins\/seo\/ -->\n<title>Sve na svijetu - Nora King<\/title>\n<meta name=\"robots\" content=\"index, follow, max-snippet:-1, max-image-preview:large, max-video-preview:-1\" \/>\n<link rel=\"canonical\" href=\"https:\/\/norakingbooks.com\/hr\/proizvod\/sve-na-svijetu\/\" \/>\n<meta property=\"og:locale\" content=\"hr_HR\" \/>\n<meta property=\"og:type\" content=\"article\" \/>\n<meta property=\"og:title\" content=\"Sve na svijetu - Nora King\" \/>\n<meta property=\"og:description\" content=\"Ako ste mislili kako bi bilo dobro dobiti na lotu, razmislite jo\u0161 jednom. Nora je obi\u010dna djevojka koja \u017eivi pomalo dosadnim \u017eivotom. Monotone dane na relaciji od \u010dinovni\u010dkog posla do podstanarskog stana, za\u010dini tek pokojim izlaskom s prijateljicama. Milijuni dobiveni na lotu, otvoriti \u0107e Nori vrata u nov i naizgled bolji \u017eivot. Novi \u017eivot donosi &hellip; Nastavi \u010ditati &quot;Sve na svijetu&quot;\" \/>\n<meta property=\"og:url\" content=\"https:\/\/norakingbooks.com\/hr\/proizvod\/sve-na-svijetu\/\" \/>\n<meta property=\"og:site_name\" content=\"Nora King\" \/>\n<meta property=\"article:modified_time\" content=\"2024-05-22T10:51:55+00:00\" \/>\n<meta property=\"og:image\" content=\"http:\/\/norakingbooks.com\/hr\/wp-content\/uploads\/sites\/2\/2021\/06\/Sve-na-svijetu-1.jpg\" \/>\n\t<meta property=\"og:image:width\" content=\"500\" \/>\n\t<meta property=\"og:image:height\" content=\"750\" \/>\n\t<meta property=\"og:image:type\" content=\"image\/jpeg\" \/>\n<meta name=\"twitter:card\" content=\"summary_large_image\" \/>\n<meta name=\"twitter:label1\" content=\"Procijenjeno vrijeme \u010ditanja\" \/>\n\t<meta name=\"twitter:data1\" content=\"1 minuta\" \/>\n<script type=\"application\/ld+json\" class=\"yoast-schema-graph\">{\"@context\":\"https:\/\/schema.org\",\"@graph\":[{\"@type\":\"WebPage\",\"@id\":\"https:\/\/norakingbooks.com\/hr\/proizvod\/sve-na-svijetu\/\",\"url\":\"https:\/\/norakingbooks.com\/hr\/proizvod\/sve-na-svijetu\/\",\"name\":\"Sve na svijetu - Nora King\",\"isPartOf\":{\"@id\":\"https:\/\/norakingbooks.com\/hr\/#website\"},\"datePublished\":\"2021-06-14T09:05:06+00:00\",\"dateModified\":\"2024-05-22T10:51:55+00:00\",\"breadcrumb\":{\"@id\":\"https:\/\/norakingbooks.com\/hr\/proizvod\/sve-na-svijetu\/#breadcrumb\"},\"inLanguage\":\"hr\",\"potentialAction\":[{\"@type\":\"ReadAction\",\"target\":[\"https:\/\/norakingbooks.com\/hr\/proizvod\/sve-na-svijetu\/\"]}]},{\"@type\":\"BreadcrumbList\",\"@id\":\"https:\/\/norakingbooks.com\/hr\/proizvod\/sve-na-svijetu\/#breadcrumb\",\"itemListElement\":[{\"@type\":\"ListItem\",\"position\":1,\"name\":\"Home\",\"item\":\"https:\/\/norakingbooks.com\/hr\/\"},{\"@type\":\"ListItem\",\"position\":2,\"name\":\"Knjige\",\"item\":\"https:\/\/norakingbooks.com\/hr\/knjige\/\"},{\"@type\":\"ListItem\",\"position\":3,\"name\":\"Sve na svijetu\"}]},{\"@type\":\"WebSite\",\"@id\":\"https:\/\/norakingbooks.com\/hr\/#website\",\"url\":\"https:\/\/norakingbooks.com\/hr\/\",\"name\":\"Nora King\",\"description\":\"Knjige\",\"potentialAction\":[{\"@type\":\"SearchAction\",\"target\":{\"@type\":\"EntryPoint\",\"urlTemplate\":\"https:\/\/norakingbooks.com\/hr\/?s={search_term_string}\"},\"query-input\":\"required name=search_term_string\"}],\"inLanguage\":\"hr\"}]}<\/script>\n<!-- \/ Yoast SEO plugin. -->","yoast_head_json":{"title":"Sve na svijetu - Nora King","robots":{"index":"index","follow":"follow","max-snippet":"max-snippet:-1","max-image-preview":"max-image-preview:large","max-video-preview":"max-video-preview:-1"},"canonical":"https:\/\/norakingbooks.com\/hr\/proizvod\/sve-na-svijetu\/","og_locale":"hr_HR","og_type":"article","og_title":"Sve na svijetu - Nora King","og_description":"Ako ste mislili kako bi bilo dobro dobiti na lotu, razmislite jo\u0161 jednom. Nora je obi\u010dna djevojka koja \u017eivi pomalo dosadnim \u017eivotom. Monotone dane na relaciji od \u010dinovni\u010dkog posla do podstanarskog stana, za\u010dini tek pokojim izlaskom s prijateljicama. Milijuni dobiveni na lotu, otvoriti \u0107e Nori vrata u nov i naizgled bolji \u017eivot. Novi \u017eivot donosi &hellip; Nastavi \u010ditati \"Sve na svijetu\"","og_url":"https:\/\/norakingbooks.com\/hr\/proizvod\/sve-na-svijetu\/","og_site_name":"Nora King","article_modified_time":"2024-05-22T10:51:55+00:00","og_image":[{"width":500,"height":750,"url":"http:\/\/norakingbooks.com\/hr\/wp-content\/uploads\/sites\/2\/2021\/06\/Sve-na-svijetu-1.jpg","type":"image\/jpeg"}],"twitter_card":"summary_large_image","twitter_misc":{"Procijenjeno vrijeme \u010ditanja":"1 minuta"},"schema":{"@context":"https:\/\/schema.org","@graph":[{"@type":"WebPage","@id":"https:\/\/norakingbooks.com\/hr\/proizvod\/sve-na-svijetu\/","url":"https:\/\/norakingbooks.com\/hr\/proizvod\/sve-na-svijetu\/","name":"Sve na svijetu - Nora King","isPartOf":{"@id":"https:\/\/norakingbooks.com\/hr\/#website"},"datePublished":"2021-06-14T09:05:06+00:00","dateModified":"2024-05-22T10:51:55+00:00","breadcrumb":{"@id":"https:\/\/norakingbooks.com\/hr\/proizvod\/sve-na-svijetu\/#breadcrumb"},"inLanguage":"hr","potentialAction":[{"@type":"ReadAction","target":["https:\/\/norakingbooks.com\/hr\/proizvod\/sve-na-svijetu\/"]}]},{"@type":"BreadcrumbList","@id":"https:\/\/norakingbooks.com\/hr\/proizvod\/sve-na-svijetu\/#breadcrumb","itemListElement":[{"@type":"ListItem","position":1,"name":"Home","item":"https:\/\/norakingbooks.com\/hr\/"},{"@type":"ListItem","position":2,"name":"Knjige","item":"https:\/\/norakingbooks.com\/hr\/knjige\/"},{"@type":"ListItem","position":3,"name":"Sve na svijetu"}]},{"@type":"WebSite","@id":"https:\/\/norakingbooks.com\/hr\/#website","url":"https:\/\/norakingbooks.com\/hr\/","name":"Nora King","description":"Knjige","potentialAction":[{"@type":"SearchAction","target":{"@type":"EntryPoint","urlTemplate":"https:\/\/norakingbooks.com\/hr\/?s={search_term_string}"},"query-input":"required name=search_term_string"}],"inLanguage":"hr"}]}},"_links":{"self":[{"href":"https:\/\/norakingbooks.com\/hr\/wp-json\/wp\/v2\/product\/283"}],"collection":[{"href":"https:\/\/norakingbooks.com\/hr\/wp-json\/wp\/v2\/product"}],"about":[{"href":"https:\/\/norakingbooks.com\/hr\/wp-json\/wp\/v2\/types\/product"}],"wp:featuredmedia":[{"embeddable":true,"href":"https:\/\/norakingbooks.com\/hr\/wp-json\/wp\/v2\/media\/346"}],"wp:attachment":[{"href":"https:\/\/norakingbooks.com\/hr\/wp-json\/wp\/v2\/media?parent=283"}],"wp:term":[{"taxonomy":"product_cat","embeddable":true,"href":"https:\/\/norakingbooks.com\/hr\/wp-json\/wp\/v2\/product_cat?post=283"},{"taxonomy":"product_tag","embeddable":true,"href":"https:\/\/norakingbooks.com\/hr\/wp-json\/wp\/v2\/product_tag?post=283"}],"curies":[{"name":"wp","href":"https:\/\/api.w.org\/{rel}","templated":true}]}}