{"id":110,"date":"2021-05-09T09:21:33","date_gmt":"2021-05-09T09:21:33","guid":{"rendered":"https:\/\/mybookcloud.com\/?page_id=16"},"modified":"2022-09-10T10:27:19","modified_gmt":"2022-09-10T10:27:19","slug":"home","status":"publish","type":"page","link":"https:\/\/norakingbooks.com\/hr\/","title":{"rendered":"Po\u010detna"},"content":{"rendered":"\r\n<p>Nora King autorica je nekoliko uspje\u0161nih suvremenih romana, koji uzbudljivo i vje\u0161to spajaju romantiku, erotiku i triler.<\/p>\r\n<p>U svim njezinim knjigama prisutna je velika doza humora, ali i kritike suvremenog dru\u0161tva.<\/p>\r\n<p>Nora King detaljno secira odnose mu\u0161karaca i \u017eena kroz prizmu dru\u0161tvenih normi. Njezine se junakinje ne mire sa sudbinom koju im name\u0107e dru\u0161tvo, ve\u0107 same kreiraju svoje norme pona\u0161anja, kako prema svojim ljubavnicima, tako i prema prijateljima i poslu.<\/p>\r\n<p>\u010citatelj se od prve stranice lako identificira s glavnim junacima, pa se knjige doslovce \u010ditaju u jednome dahu.<\/p>\r\n<p>Moj Oblak Knjiga<\/p>\r\n","protected":false},"excerpt":{"rendered":"<p>Nora King autorica je nekoliko uspje\u0161nih suvremenih romana, koji uzbudljivo i vje\u0161to spajaju romantiku, erotiku i triler. U svim njezinim knjigama prisutna je velika doza humora, ali i kritike suvremenog dru\u0161tva. Nora King detaljno secira odnose mu\u0161karaca i \u017eena kroz prizmu dru\u0161tvenih normi. Njezine se junakinje ne mire sa sudbinom koju im name\u0107e dru\u0161tvo, ve\u0107 &hellip; <\/p>\n<p class=\"link-more\"><a href=\"https:\/\/norakingbooks.com\/hr\/\" class=\"more-link\">Nastavi \u010ditati<span class=\"screen-reader-text\"> &#8220;Po\u010detna&#8221;<\/span><\/a><\/p>\n","protected":false},"author":1,"featured_media":0,"parent":0,"menu_order":0,"comment_status":"closed","ping_status":"closed","template":"","meta":[],"yoast_head":"<!-- This site is optimized with the Yoast SEO plugin v19.10 - https:\/\/yoast.com\/wordpress\/plugins\/seo\/ -->\n<title>Po\u010detna - Nora King<\/title>\n<meta name=\"description\" content=\"Nora King - Knjige. Prodaja naslova Strah od letenja, Sve na svijetu i Podstanarka. Ljubavni romani, krimi romani, triler, satira, humor.\" \/>\n<meta name=\"robots\" content=\"index, follow, max-snippet:-1, max-image-preview:large, max-video-preview:-1\" \/>\n<link rel=\"canonical\" href=\"https:\/\/norakingbooks.com\/hr\/\" \/>\n<meta property=\"og:locale\" content=\"hr_HR\" \/>\n<meta property=\"og:type\" content=\"article\" \/>\n<meta property=\"og:title\" content=\"Po\u010detna - Nora King\" \/>\n<meta property=\"og:description\" content=\"Nora King - Knjige. Prodaja naslova Strah od letenja, Sve na svijetu i Podstanarka. Ljubavni romani, krimi romani, triler, satira, humor.\" \/>\n<meta property=\"og:url\" content=\"https:\/\/norakingbooks.com\/hr\/\" \/>\n<meta property=\"og:site_name\" content=\"Nora King\" \/>\n<meta property=\"article:modified_time\" content=\"2022-09-10T10:27:19+00:00\" \/>\n<meta name=\"twitter:card\" content=\"summary_large_image\" \/>\n<meta name=\"twitter:label1\" content=\"Procijenjeno vrijeme \u010ditanja\" \/>\n\t<meta name=\"twitter:data1\" content=\"1 minuta\" \/>\n<script type=\"application\/ld+json\" class=\"yoast-schema-graph\">{\"@context\":\"https:\/\/schema.org\",\"@graph\":[{\"@type\":\"WebPage\",\"@id\":\"https:\/\/norakingbooks.com\/hr\/\",\"url\":\"https:\/\/norakingbooks.com\/hr\/\",\"name\":\"Po\u010detna - Nora King\",\"isPartOf\":{\"@id\":\"https:\/\/norakingbooks.com\/hr\/#website\"},\"datePublished\":\"2021-05-09T09:21:33+00:00\",\"dateModified\":\"2022-09-10T10:27:19+00:00\",\"description\":\"Nora King - Knjige. Prodaja naslova Strah od letenja, Sve na svijetu i Podstanarka. Ljubavni romani, krimi romani, triler, satira, humor.\",\"breadcrumb\":{\"@id\":\"https:\/\/norakingbooks.com\/hr\/#breadcrumb\"},\"inLanguage\":\"hr\",\"potentialAction\":[{\"@type\":\"ReadAction\",\"target\":[\"https:\/\/norakingbooks.com\/hr\/\"]}]},{\"@type\":\"BreadcrumbList\",\"@id\":\"https:\/\/norakingbooks.com\/hr\/#breadcrumb\",\"itemListElement\":[{\"@type\":\"ListItem\",\"position\":1,\"name\":\"Home\",\"item\":\"https:\/\/norakingbooks.com\/hr\/\"},{\"@type\":\"ListItem\",\"position\":2,\"name\":\"Po\u010detna\"}]},{\"@type\":\"WebSite\",\"@id\":\"https:\/\/norakingbooks.com\/hr\/#website\",\"url\":\"https:\/\/norakingbooks.com\/hr\/\",\"name\":\"Nora King\",\"description\":\"Knjige\",\"potentialAction\":[{\"@type\":\"SearchAction\",\"target\":{\"@type\":\"EntryPoint\",\"urlTemplate\":\"https:\/\/norakingbooks.com\/hr\/?s={search_term_string}\"},\"query-input\":\"required name=search_term_string\"}],\"inLanguage\":\"hr\"}]}<\/script>\n<!-- \/ Yoast SEO plugin. -->","yoast_head_json":{"title":"Po\u010detna - Nora King","description":"Nora King - Knjige. Prodaja naslova Strah od letenja, Sve na svijetu i Podstanarka. Ljubavni romani, krimi romani, triler, satira, humor.","robots":{"index":"index","follow":"follow","max-snippet":"max-snippet:-1","max-image-preview":"max-image-preview:large","max-video-preview":"max-video-preview:-1"},"canonical":"https:\/\/norakingbooks.com\/hr\/","og_locale":"hr_HR","og_type":"article","og_title":"Po\u010detna - Nora King","og_description":"Nora King - Knjige. Prodaja naslova Strah od letenja, Sve na svijetu i Podstanarka. Ljubavni romani, krimi romani, triler, satira, humor.","og_url":"https:\/\/norakingbooks.com\/hr\/","og_site_name":"Nora King","article_modified_time":"2022-09-10T10:27:19+00:00","twitter_card":"summary_large_image","twitter_misc":{"Procijenjeno vrijeme \u010ditanja":"1 minuta"},"schema":{"@context":"https:\/\/schema.org","@graph":[{"@type":"WebPage","@id":"https:\/\/norakingbooks.com\/hr\/","url":"https:\/\/norakingbooks.com\/hr\/","name":"Po\u010detna - Nora King","isPartOf":{"@id":"https:\/\/norakingbooks.com\/hr\/#website"},"datePublished":"2021-05-09T09:21:33+00:00","dateModified":"2022-09-10T10:27:19+00:00","description":"Nora King - Knjige. Prodaja naslova Strah od letenja, Sve na svijetu i Podstanarka. Ljubavni romani, krimi romani, triler, satira, humor.","breadcrumb":{"@id":"https:\/\/norakingbooks.com\/hr\/#breadcrumb"},"inLanguage":"hr","potentialAction":[{"@type":"ReadAction","target":["https:\/\/norakingbooks.com\/hr\/"]}]},{"@type":"BreadcrumbList","@id":"https:\/\/norakingbooks.com\/hr\/#breadcrumb","itemListElement":[{"@type":"ListItem","position":1,"name":"Home","item":"https:\/\/norakingbooks.com\/hr\/"},{"@type":"ListItem","position":2,"name":"Po\u010detna"}]},{"@type":"WebSite","@id":"https:\/\/norakingbooks.com\/hr\/#website","url":"https:\/\/norakingbooks.com\/hr\/","name":"Nora King","description":"Knjige","potentialAction":[{"@type":"SearchAction","target":{"@type":"EntryPoint","urlTemplate":"https:\/\/norakingbooks.com\/hr\/?s={search_term_string}"},"query-input":"required name=search_term_string"}],"inLanguage":"hr"}]}},"_links":{"self":[{"href":"https:\/\/norakingbooks.com\/hr\/wp-json\/wp\/v2\/pages\/110"}],"collection":[{"href":"https:\/\/norakingbooks.com\/hr\/wp-json\/wp\/v2\/pages"}],"about":[{"href":"https:\/\/norakingbooks.com\/hr\/wp-json\/wp\/v2\/types\/page"}],"author":[{"embeddable":true,"href":"https:\/\/norakingbooks.com\/hr\/wp-json\/wp\/v2\/users\/1"}],"replies":[{"embeddable":true,"href":"https:\/\/norakingbooks.com\/hr\/wp-json\/wp\/v2\/comments?post=110"}],"version-history":[{"count":13,"href":"https:\/\/norakingbooks.com\/hr\/wp-json\/wp\/v2\/pages\/110\/revisions"}],"predecessor-version":[{"id":513,"href":"https:\/\/norakingbooks.com\/hr\/wp-json\/wp\/v2\/pages\/110\/revisions\/513"}],"wp:attachment":[{"href":"https:\/\/norakingbooks.com\/hr\/wp-json\/wp\/v2\/media?parent=110"}],"curies":[{"name":"wp","href":"https:\/\/api.w.org\/{rel}","templated":true}]}}